{"id":1546,"date":"2023-04-20T11:23:14","date_gmt":"2023-04-20T09:23:14","guid":{"rendered":"https:\/\/interfol.ch\/etang-de-jardin-etang-de-natation\/"},"modified":"2025-06-03T11:01:47","modified_gmt":"2025-06-03T09:01:47","slug":"etang-de-jardin-etang-de-natation","status":"publish","type":"page","link":"https:\/\/interfol.ch\/fr\/etang-de-jardin-etang-de-natation\/","title":{"rendered":"\u00c9tang de jardin \/ \u00e9tang de natation"},"content":{"rendered":"<p>[et_pb_section fb_built=\u00a0\u00bb1&Prime; custom_padding_last_edited=\u00a0\u00bbon|phone\u00a0\u00bb _builder_version=\u00a0\u00bb4.20.4&Prime; background_color=\u00a0\u00bb#F7F9FA\u00a0\u00bb use_background_color_gradient=\u00a0\u00bbon\u00a0\u00bb background_color_gradient_direction=\u00a0\u00bb90deg\u00a0\u00bb background_color_gradient_stops=\u00a0\u00bbrgba(10,1,1,0.13) 0%|rgba(10,2,2,0.54) 0%\u00a0\u00bb background_color_gradient_overlays_image=\u00a0\u00bbon\u00a0\u00bb background_image=\u00a0\u00bbhttps:\/\/interfol.ch\/wp-content\/uploads\/2023\/06\/b2d443_6f5f02c0239649db93ee0bec6d1840d8mv2.webp\u00a0\u00bb custom_padding=\u00a0\u00bb20vh||20vh||true|false\u00a0\u00bb custom_padding_tablet=\u00a0\u00bb15vh||15vh||true|false\u00a0\u00bb custom_padding_phone=\u00a0\u00bb10vh||10vh||true|false\u00a0\u00bb locked=\u00a0\u00bboff\u00a0\u00bb global_colors_info=\u00a0\u00bb{}\u00a0\u00bb][et_pb_row use_custom_gutter=\u00a0\u00bbon\u00a0\u00bb gutter_width=\u00a0\u00bb2&Prime; make_equal=\u00a0\u00bbon\u00a0\u00bb _builder_version=\u00a0\u00bb4.22.1&Prime; width=\u00a0\u00bb90%\u00a0\u00bb width_tablet=\u00a0\u00bb90%\u00a0\u00bb width_phone=\u00a0\u00bb90%\u00a0\u00bb width_last_edited=\u00a0\u00bbon|desktop\u00a0\u00bb max_width=\u00a0\u00bb1170px\u00a0\u00bb max_width_tablet=\u00a0\u00bb90%\u00a0\u00bb max_width_phone=\u00a0\u00bb90%\u00a0\u00bb max_width_last_edited=\u00a0\u00bbon|tablet\u00a0\u00bb animation_style=\u00a0\u00bbslide\u00a0\u00bb animation_direction=\u00a0\u00bbtop\u00a0\u00bb hover_enabled=\u00a0\u00bb0&Prime; global_colors_info=\u00a0\u00bb{}\u00a0\u00bb custom_margin_last_edited=\u00a0\u00bbon|phone\u00a0\u00bb sticky_enabled=\u00a0\u00bb0&Prime; custom_margin_tablet=\u00a0\u00bb10%||||false|false\u00a0\u00bb custom_margin_phone=\u00a0\u00bb30%||||false|false\u00a0\u00bb][et_pb_column type=\u00a0\u00bb4_4&Prime; _builder_version=\u00a0\u00bb4.16&Prime; global_colors_info=\u00a0\u00bb{}\u00a0\u00bb][et_pb_text _builder_version=\u00a0\u00bb4.20.4&Prime; header_font=\u00a0\u00bbBarlow Condensed|300|||||||\u00a0\u00bb header_text_align=\u00a0\u00bbcenter\u00a0\u00bb header_text_color=\u00a0\u00bb#ffffff\u00a0\u00bb header_font_size=\u00a0\u00bb90px\u00a0\u00bb header_letter_spacing=\u00a0\u00bb-1px\u00a0\u00bb header_font_size_tablet=\u00a0\u00bb60px\u00a0\u00bb header_font_size_phone=\u00a0\u00bb40px\u00a0\u00bb header_font_size_last_edited=\u00a0\u00bbon|phone\u00a0\u00bb global_colors_info=\u00a0\u00bb{}\u00a0\u00bb]<\/p>\n<h1>\u00c9tang de jardin \/ \u00e9tang de natation<\/h1>\n<p>[\/et_pb_text][\/et_pb_column][\/et_pb_row][\/et_pb_section][et_pb_section fb_built=\u00a0\u00bb1&Prime; _builder_version=\u00a0\u00bb4.22.1&Prime; background_color=\u00a0\u00bbrgba(0,0,0,0.14)\u00a0\u00bb custom_padding=\u00a0\u00bb80px||80px||true|\u00a0\u00bb locked=\u00a0\u00bboff\u00a0\u00bb global_colors_info=\u00a0\u00bb{}\u00a0\u00bb][et_pb_row column_structure=\u00a0\u00bb1_2,1_2&Prime; use_custom_gutter=\u00a0\u00bbon\u00a0\u00bb gutter_width=\u00a0\u00bb2&Prime; make_equal=\u00a0\u00bbon\u00a0\u00bb _builder_version=\u00a0\u00bb4.20.4&Prime; _module_preset=\u00a0\u00bbdefault\u00a0\u00bb width=\u00a0\u00bb90%\u00a0\u00bb width_tablet=\u00a0\u00bb90%\u00a0\u00bb width_phone=\u00a0\u00bb90%\u00a0\u00bb width_last_edited=\u00a0\u00bbon|desktop\u00a0\u00bb max_width=\u00a0\u00bb1170px\u00a0\u00bb max_width_tablet=\u00a0\u00bb90%\u00a0\u00bb max_width_phone=\u00a0\u00bb90%\u00a0\u00bb max_width_last_edited=\u00a0\u00bbon|tablet\u00a0\u00bb custom_css_main_element=\u00a0\u00bbalign-items: center;\u00a0\u00bb global_colors_info=\u00a0\u00bb{}\u00a0\u00bb][et_pb_column type=\u00a0\u00bb1_2&Prime; _builder_version=\u00a0\u00bb4.20.4&Prime; _module_preset=\u00a0\u00bbdefault\u00a0\u00bb background_enable_image=\u00a0\u00bboff\u00a0\u00bb border_radii=\u00a0\u00bbon|20px|20px|20px|20px\u00a0\u00bb global_colors_info=\u00a0\u00bb{}\u00a0\u00bb][et_pb_divider show_divider=\u00a0\u00bboff\u00a0\u00bb _builder_version=\u00a0\u00bb4.20.4&Prime; _module_preset=\u00a0\u00bbdefault\u00a0\u00bb background_image=\u00a0\u00bbhttps:\/\/interfol.ch\/wp-content\/uploads\/2023\/06\/Schwimmteich.jpg\u00a0\u00bb custom_padding=\u00a0\u00bb213px||213px||true|false\u00a0\u00bb global_colors_info=\u00a0\u00bb{}\u00a0\u00bb][\/et_pb_divider][\/et_pb_column][et_pb_column type=\u00a0\u00bb1_2&Prime; _builder_version=\u00a0\u00bb4.20.4&Prime; _module_preset=\u00a0\u00bbdefault\u00a0\u00bb global_colors_info=\u00a0\u00bb{}\u00a0\u00bb][et_pb_text _builder_version=\u00a0\u00bb4.20.4&Prime; _module_preset=\u00a0\u00bbdefault\u00a0\u00bb text_font=\u00a0\u00bbRoboto Condensed||||||||\u00a0\u00bb text_text_color=\u00a0\u00bb#7a7e91&Prime; text_font_size=\u00a0\u00bb16px\u00a0\u00bb text_line_height=\u00a0\u00bb1.8em\u00a0\u00bb link_font=\u00a0\u00bbRoboto Condensed|700|||||||\u00a0\u00bb link_text_color=\u00a0\u00bbgcid-334e70fb-bdf7-43e3-8f5a-27a7183e639f\u00a0\u00bb link_font_size=\u00a0\u00bb16px\u00a0\u00bb link_line_height=\u00a0\u00bb1.8em\u00a0\u00bb header_font=\u00a0\u00bb|600|||||||\u00a0\u00bb header_2_font=\u00a0\u00bb|600|||||||\u00a0\u00bb header_2_font_size=\u00a0\u00bb50px\u00a0\u00bb header_2_line_height=\u00a0\u00bb1.3em\u00a0\u00bb header_3_font=\u00a0\u00bbBarlow Condensed||||||||\u00a0\u00bb header_3_font_size=\u00a0\u00bb30px\u00a0\u00bb global_colors_info=\u00a0\u00bb{%22gcid-334e70fb-bdf7-43e3-8f5a-27a7183e639f%22:%91%22link_text_color%22%93,%22gcid-54de1cf4-fa08-4915-a0ae-134c4bf2fef2%22:%91%22link_text_color__hover%22%93}\u00a0\u00bb link_text_color__hover_enabled=\u00a0\u00bbon|hover\u00a0\u00bb link_text_color__hover=\u00a0\u00bb#9395a2&Prime;]<\/p>\n<h2 style=\"text-align: left;\">Sceller, prot\u00e9ger, embellir, couvrir !<\/h2>\n<p class=\"font_7 wixui-rich-text__text\"><span class=\"wixui-rich-text__text\">Ces films PVC calandr\u00e9s sont id\u00e9aux pour les besoins du jardinage.<\/span><\/p>\n<ul class=\"font_7 font_8 wixui-rich-text__text\">\n<li class=\"wixui-rich-text__text\">\n<p class=\"font_8 wixui-rich-text__text\"><span class=\"wixui-rich-text__text\">FILMS STRATIFI\u00c9S PVC<\/span><\/p>\n<ul class=\"wixui-rich-text__text\">\n<li class=\"wixui-rich-text__text\">\n<p class=\"font_8 wixui-rich-text__text\"><span class=\"wixui-rich-text__text\">\u00c9paisseur 1500 \u00b5m, \u00e0 partir de rouleaux d&rsquo;une largeur de 2050 mm<\/span><\/p>\n<\/li>\n<li class=\"wixui-rich-text__text\">\n<p class=\"font_8 wixui-rich-text__text\"><span class=\"wixui-rich-text__text\">Construction d&rsquo;\u00e9tangs, piscines, bassins\u2026<\/span><\/p>\n<\/li>\n<li class=\"wixui-rich-text__text\">\n<p class=\"font_8 wixui-rich-text__text\"><span class=\"wixui-rich-text__text\">FILM STRATIFI\u00c9 bicolore: couleur vert anthracite<\/span><\/p>\n<\/li>\n<\/ul>\n<\/li>\n<li class=\"wixui-rich-text__text\">\n<p class=\"font_8 wixui-rich-text__text\"><span class=\"wixui-rich-text__text\">G\u00e9otextile PP de haute qualit\u00e9<\/span><\/p>\n<ul class=\"wixui-rich-text__text\">\n<li class=\"wixui-rich-text__text\">\n<p class=\"font_8 wixui-rich-text__text\"><span class=\"wixui-rich-text__text\">\u00c9paisseur 400 gr\/m\u00b2 et 500 gr\/m\u00b2, largeur du rouleau 2500 mm<\/span><\/p>\n<\/li>\n<li class=\"wixui-rich-text__text\">\n<p class=\"font_8 wixui-rich-text__text\"><span class=\"wixui-rich-text__text\">Pour prot\u00e9ger, s\u00e9parer et stocker<\/span><\/p>\n<\/li>\n<li class=\"wixui-rich-text__text\">\n<p class=\"font_8 wixui-rich-text__text\"><span class=\"wixui-rich-text__text\">Imputrescible, stable aux UV, ind\u00e9chirable, color\u00e9<\/span><\/p>\n<\/li>\n<\/ul>\n<\/li>\n<\/ul>\n<p class=\"font_8 wixui-rich-text__text\"><span class=\"wixui-rich-text__text\">Pour les productions sp\u00e9ciales, vous d\u00e9terminez le r\u00e9glage de l&rsquo;\u00e9paisseur, de la couleur, du gaufrage et de la duret\u00e9. <\/span><span class=\"wixui-rich-text__text\">Demandez-nous, nous nous ferons un plaisir de vous conseiller.<\/span><\/p>\n<p>[\/et_pb_text][\/et_pb_column][\/et_pb_row][\/et_pb_section][et_pb_section fb_built=\u00a0\u00bb1&Prime; _builder_version=\u00a0\u00bb4.22.1&Prime; background_color=\u00a0\u00bbrgba(117,116,116,0.19)\u00a0\u00bb custom_margin=\u00a0\u00bb||||false|false\u00a0\u00bb custom_padding=\u00a0\u00bb||||false|false\u00a0\u00bb locked=\u00a0\u00bboff\u00a0\u00bb global_colors_info=\u00a0\u00bb{%22gcid-e809af89-99cf-479c-a5f3-a3c1e228a4d9%22:%91%22background_color%22%93}\u00a0\u00bb][et_pb_row column_structure=\u00a0\u00bb1_2,1_2&Prime; _builder_version=\u00a0\u00bb4.20.4&Prime; _module_preset=\u00a0\u00bbdefault\u00a0\u00bb width=\u00a0\u00bb42%\u00a0\u00bb max_width=\u00a0\u00bb1170px\u00a0\u00bb global_colors_info=\u00a0\u00bb{}\u00a0\u00bb width_tablet=\u00a0\u00bb42%\u00a0\u00bb width_phone=\u00a0\u00bb64%\u00a0\u00bb width_last_edited=\u00a0\u00bbon|phone\u00a0\u00bb][et_pb_column type=\u00a0\u00bb1_2&Prime; _builder_version=\u00a0\u00bb4.20.4&Prime; _module_preset=\u00a0\u00bbdefault\u00a0\u00bb global_colors_info=\u00a0\u00bb{}\u00a0\u00bb][et_pb_text _builder_version=\u00a0\u00bb4.20.4&Prime; _module_preset=\u00a0\u00bbdefault\u00a0\u00bb header_2_font=\u00a0\u00bbBarlow Condensed|600|||||||\u00a0\u00bb header_2_text_align=\u00a0\u00bbcenter\u00a0\u00bb header_2_text_color=\u00a0\u00bbgcid-334e70fb-bdf7-43e3-8f5a-27a7183e639f\u00a0\u00bb header_2_font_size=\u00a0\u00bb50px\u00a0\u00bb header_2_line_height=\u00a0\u00bb1.2em\u00a0\u00bb header_2_font_size_tablet=\u00a0\u00bb50px\u00a0\u00bb header_2_font_size_phone=\u00a0\u00bb50px\u00a0\u00bb header_2_font_size_last_edited=\u00a0\u00bbon|phone\u00a0\u00bb header_2_line_height_tablet=\u00a0\u00bb1.2em\u00a0\u00bb header_2_line_height_phone=\u00a0\u00bb1em\u00a0\u00bb header_2_line_height_last_edited=\u00a0\u00bbon|phone\u00a0\u00bb global_colors_info=\u00a0\u00bb{%22gcid-334e70fb-bdf7-43e3-8f5a-27a7183e639f%22:%91%22header_2_text_color%22%93}\u00a0\u00bb]<\/p>\n<h2 style=\"text-align: left;\">Des questions ? <br \/>Nous serions heureux de vous aider.<\/h2>\n<p>[\/et_pb_text][\/et_pb_column][et_pb_column type=\u00a0\u00bb1_2&Prime; _builder_version=\u00a0\u00bb4.20.4&Prime; _module_preset=\u00a0\u00bbdefault\u00a0\u00bb global_colors_info=\u00a0\u00bb{}\u00a0\u00bb][et_pb_button button_url=\u00a0\u00bbhttps:\/\/interfol.ch\/kontakt\/\u00a0\u00bb button_text=\u00a0\u00bbContactez nous\u00a0\u00bb button_alignment=\u00a0\u00bbright\u00a0\u00bb button_alignment_tablet=\u00a0\u00bbcenter\u00a0\u00bb button_alignment_phone=\u00a0\u00bbcenter\u00a0\u00bb button_alignment_last_edited=\u00a0\u00bbon|phone\u00a0\u00bb _builder_version=\u00a0\u00bb4.20.4&Prime; _module_preset=\u00a0\u00bbdefault\u00a0\u00bb custom_button=\u00a0\u00bbon\u00a0\u00bb button_text_size=\u00a0\u00bb26px\u00a0\u00bb button_text_color=\u00a0\u00bb#ffffff\u00a0\u00bb button_bg_color=\u00a0\u00bbgcid-334e70fb-bdf7-43e3-8f5a-27a7183e639f\u00a0\u00bb button_border_color=\u00a0\u00bbgcid-334e70fb-bdf7-43e3-8f5a-27a7183e639f\u00a0\u00bb button_border_radius=\u00a0\u00bb3px\u00a0\u00bb button_font=\u00a0\u00bbBarlow Condensed||||||||\u00a0\u00bb button_use_icon=\u00a0\u00bboff\u00a0\u00bb custom_margin=\u00a0\u00bb16px|5px|||false|false\u00a0\u00bb custom_margin_tablet=\u00a0\u00bb|0px|10px||false|false\u00a0\u00bb custom_margin_phone=\u00a0\u00bb|0px|20px||false|false\u00a0\u00bb custom_margin_last_edited=\u00a0\u00bbon|phone\u00a0\u00bb custom_padding=\u00a0\u00bb24px|63px|24px|63px|true|true\u00a0\u00bb box_shadow_style=\u00a0\u00bbpreset1&Prime; box_shadow_spread=\u00a0\u00bb-6px\u00a0\u00bb box_shadow_color=\u00a0\u00bbgcid-334e70fb-bdf7-43e3-8f5a-27a7183e639f\u00a0\u00bb global_colors_info=\u00a0\u00bb{%22gcid-334e70fb-bdf7-43e3-8f5a-27a7183e639f%22:%91%22button_bg_color%22,%22button_border_color%22,%22box_shadow_color%22%93,%22gcid-54de1cf4-fa08-4915-a0ae-134c4bf2fef2%22:%91%22button_bg_color__hover%22,%22button_border_color__hover%22%93}\u00a0\u00bb button_text_color__hover=\u00a0\u00bb#ffffff\u00a0\u00bb button_text_color__hover_enabled=\u00a0\u00bbon|hover\u00a0\u00bb button_bg_color__hover=\u00a0\u00bb#9395a2&Prime; button_bg_color__hover_enabled=\u00a0\u00bbon|hover\u00a0\u00bb button_border_color__hover=\u00a0\u00bb#9395a2&Prime; button_border_color__hover_enabled=\u00a0\u00bbon|hover\u00a0\u00bb button_letter_spacing__hover=\u00a0\u00bb0px\u00a0\u00bb button_letter_spacing__hover_enabled=\u00a0\u00bbon|desktop\u00a0\u00bb][\/et_pb_button][\/et_pb_column][\/et_pb_row][\/et_pb_section]<\/p>\n","protected":false},"excerpt":{"rendered":"<p>\u00c9tang de jardin \/ \u00e9tang de natationSceller, prot\u00e9ger, embellir, couvrir ! Ces films PVC calandr\u00e9s sont id\u00e9aux pour les besoins du jardinage. FILMS STRATIFI\u00c9S PVC \u00c9paisseur 1500 \u00b5m, \u00e0 partir de rouleaux d&rsquo;une largeur de 2050 mm Construction d&rsquo;\u00e9tangs, piscines, bassins\u2026 FILM STRATIFI\u00c9 bicolore: couleur vert anthracite G\u00e9otextile PP de haute qualit\u00e9 \u00c9paisseur 400 gr\/m\u00b2 et 500 gr\/m\u00b2, largeur du rouleau 2500 mm Pour prot\u00e9ger, s\u00e9parer et stocker Imputrescible, stable aux UV, ind\u00e9chirable, color\u00e9 Pour les productions sp\u00e9ciales, vous d\u00e9terminez le r\u00e9glage de l&rsquo;\u00e9paisseur, de la couleur, du gaufrage et de la duret\u00e9. Demandez-nous, nous nous ferons un plaisir de vous conseiller.Des questions ? Nous serions heureux de vous aider.<\/p>\n","protected":false},"author":1,"featured_media":0,"parent":0,"menu_order":0,"comment_status":"closed","ping_status":"closed","template":"","meta":{"_et_pb_use_builder":"on","_et_pb_old_content":"","_et_gb_content_width":"","inline_featured_image":false,"footnotes":""},"class_list":["post-1546","page","type-page","status-publish","hentry"],"yoast_head":"<!-- This site is optimized with the Yoast SEO plugin v25.4 - https:\/\/yoast.com\/wordpress\/plugins\/seo\/ -->\n<title>\u00c9tang de jardin \/ \u00e9tang de natation - Interfol AG<\/title>\n<meta name=\"description\" content=\"Films de qualit\u00e9 pour bassins de jardin et piscines naturelles \u2013 cr\u00e9ez l\u2019\u00e9tang de vos r\u00eaves avec Interfol AG \u00e0 Lyss.\" \/>\n<meta name=\"robots\" content=\"index, follow, max-snippet:-1, max-image-preview:large, max-video-preview:-1\" \/>\n<link rel=\"canonical\" href=\"https:\/\/interfol.ch\/fr\/etang-de-jardin-etang-de-natation\/\" \/>\n<meta property=\"og:locale\" content=\"fr_FR\" \/>\n<meta property=\"og:type\" content=\"article\" \/>\n<meta property=\"og:title\" content=\"\u00c9tang de jardin \/ \u00e9tang de natation - Interfol AG\" \/>\n<meta property=\"og:description\" content=\"Films de qualit\u00e9 pour bassins de jardin et piscines naturelles \u2013 cr\u00e9ez l\u2019\u00e9tang de vos r\u00eaves avec Interfol AG \u00e0 Lyss.\" \/>\n<meta property=\"og:url\" content=\"https:\/\/interfol.ch\/fr\/etang-de-jardin-etang-de-natation\/\" \/>\n<meta property=\"og:site_name\" content=\"Interfol AG\" \/>\n<meta property=\"article:modified_time\" content=\"2025-06-03T09:01:47+00:00\" \/>\n<meta name=\"twitter:card\" content=\"summary_large_image\" \/>\n<meta name=\"twitter:label1\" content=\"Dur\u00e9e de lecture estim\u00e9e\" \/>\n\t<meta name=\"twitter:data1\" content=\"2 minutes\" \/>\n<script type=\"application\/ld+json\" class=\"yoast-schema-graph\">{\"@context\":\"https:\/\/schema.org\",\"@graph\":[{\"@type\":\"WebPage\",\"@id\":\"https:\/\/interfol.ch\/fr\/etang-de-jardin-etang-de-natation\/\",\"url\":\"https:\/\/interfol.ch\/fr\/etang-de-jardin-etang-de-natation\/\",\"name\":\"\u00c9tang de jardin \/ \u00e9tang de natation - Interfol AG\",\"isPartOf\":{\"@id\":\"https:\/\/interfol.ch\/#website\"},\"datePublished\":\"2023-04-20T09:23:14+00:00\",\"dateModified\":\"2025-06-03T09:01:47+00:00\",\"description\":\"Films de qualit\u00e9 pour bassins de jardin et piscines naturelles \u2013 cr\u00e9ez l\u2019\u00e9tang de vos r\u00eaves avec Interfol AG \u00e0 Lyss.\",\"breadcrumb\":{\"@id\":\"https:\/\/interfol.ch\/fr\/etang-de-jardin-etang-de-natation\/#breadcrumb\"},\"inLanguage\":\"fr-FR\",\"potentialAction\":[{\"@type\":\"ReadAction\",\"target\":[\"https:\/\/interfol.ch\/fr\/etang-de-jardin-etang-de-natation\/\"]}]},{\"@type\":\"BreadcrumbList\",\"@id\":\"https:\/\/interfol.ch\/fr\/etang-de-jardin-etang-de-natation\/#breadcrumb\",\"itemListElement\":[{\"@type\":\"ListItem\",\"position\":1,\"name\":\"Startseite\",\"item\":\"https:\/\/interfol.ch\/fr\/\"},{\"@type\":\"ListItem\",\"position\":2,\"name\":\"\u00c9tang de jardin \/ \u00e9tang de natation\"}]},{\"@type\":\"WebSite\",\"@id\":\"https:\/\/interfol.ch\/#website\",\"url\":\"https:\/\/interfol.ch\/\",\"name\":\"Interfol AG\",\"description\":\"\",\"potentialAction\":[{\"@type\":\"SearchAction\",\"target\":{\"@type\":\"EntryPoint\",\"urlTemplate\":\"https:\/\/interfol.ch\/?s={search_term_string}\"},\"query-input\":{\"@type\":\"PropertyValueSpecification\",\"valueRequired\":true,\"valueName\":\"search_term_string\"}}],\"inLanguage\":\"fr-FR\"}]}<\/script>\n<!-- \/ Yoast SEO plugin. -->","yoast_head_json":{"title":"\u00c9tang de jardin \/ \u00e9tang de natation - Interfol AG","description":"Films de qualit\u00e9 pour bassins de jardin et piscines naturelles \u2013 cr\u00e9ez l\u2019\u00e9tang de vos r\u00eaves avec Interfol AG \u00e0 Lyss.","robots":{"index":"index","follow":"follow","max-snippet":"max-snippet:-1","max-image-preview":"max-image-preview:large","max-video-preview":"max-video-preview:-1"},"canonical":"https:\/\/interfol.ch\/fr\/etang-de-jardin-etang-de-natation\/","og_locale":"fr_FR","og_type":"article","og_title":"\u00c9tang de jardin \/ \u00e9tang de natation - Interfol AG","og_description":"Films de qualit\u00e9 pour bassins de jardin et piscines naturelles \u2013 cr\u00e9ez l\u2019\u00e9tang de vos r\u00eaves avec Interfol AG \u00e0 Lyss.","og_url":"https:\/\/interfol.ch\/fr\/etang-de-jardin-etang-de-natation\/","og_site_name":"Interfol AG","article_modified_time":"2025-06-03T09:01:47+00:00","twitter_card":"summary_large_image","twitter_misc":{"Dur\u00e9e de lecture estim\u00e9e":"2 minutes"},"schema":{"@context":"https:\/\/schema.org","@graph":[{"@type":"WebPage","@id":"https:\/\/interfol.ch\/fr\/etang-de-jardin-etang-de-natation\/","url":"https:\/\/interfol.ch\/fr\/etang-de-jardin-etang-de-natation\/","name":"\u00c9tang de jardin \/ \u00e9tang de natation - Interfol AG","isPartOf":{"@id":"https:\/\/interfol.ch\/#website"},"datePublished":"2023-04-20T09:23:14+00:00","dateModified":"2025-06-03T09:01:47+00:00","description":"Films de qualit\u00e9 pour bassins de jardin et piscines naturelles \u2013 cr\u00e9ez l\u2019\u00e9tang de vos r\u00eaves avec Interfol AG \u00e0 Lyss.","breadcrumb":{"@id":"https:\/\/interfol.ch\/fr\/etang-de-jardin-etang-de-natation\/#breadcrumb"},"inLanguage":"fr-FR","potentialAction":[{"@type":"ReadAction","target":["https:\/\/interfol.ch\/fr\/etang-de-jardin-etang-de-natation\/"]}]},{"@type":"BreadcrumbList","@id":"https:\/\/interfol.ch\/fr\/etang-de-jardin-etang-de-natation\/#breadcrumb","itemListElement":[{"@type":"ListItem","position":1,"name":"Startseite","item":"https:\/\/interfol.ch\/fr\/"},{"@type":"ListItem","position":2,"name":"\u00c9tang de jardin \/ \u00e9tang de natation"}]},{"@type":"WebSite","@id":"https:\/\/interfol.ch\/#website","url":"https:\/\/interfol.ch\/","name":"Interfol AG","description":"","potentialAction":[{"@type":"SearchAction","target":{"@type":"EntryPoint","urlTemplate":"https:\/\/interfol.ch\/?s={search_term_string}"},"query-input":{"@type":"PropertyValueSpecification","valueRequired":true,"valueName":"search_term_string"}}],"inLanguage":"fr-FR"}]}},"_links":{"self":[{"href":"https:\/\/interfol.ch\/fr\/wp-json\/wp\/v2\/pages\/1546","targetHints":{"allow":["GET"]}}],"collection":[{"href":"https:\/\/interfol.ch\/fr\/wp-json\/wp\/v2\/pages"}],"about":[{"href":"https:\/\/interfol.ch\/fr\/wp-json\/wp\/v2\/types\/page"}],"author":[{"embeddable":true,"href":"https:\/\/interfol.ch\/fr\/wp-json\/wp\/v2\/users\/1"}],"replies":[{"embeddable":true,"href":"https:\/\/interfol.ch\/fr\/wp-json\/wp\/v2\/comments?post=1546"}],"version-history":[{"count":2,"href":"https:\/\/interfol.ch\/fr\/wp-json\/wp\/v2\/pages\/1546\/revisions"}],"predecessor-version":[{"id":1706,"href":"https:\/\/interfol.ch\/fr\/wp-json\/wp\/v2\/pages\/1546\/revisions\/1706"}],"wp:attachment":[{"href":"https:\/\/interfol.ch\/fr\/wp-json\/wp\/v2\/media?parent=1546"}],"curies":[{"name":"wp","href":"https:\/\/api.w.org\/{rel}","templated":true}]}}